{"id":332,"date":"2023-09-22T19:43:11","date_gmt":"2023-09-23T00:43:11","guid":{"rendered":"https:\/\/carbonyfuego.com\/?post_type=product&#038;p=332"},"modified":"2023-09-22T20:04:39","modified_gmt":"2023-09-23T01:04:39","slug":"mandil-basico-modelo-b01","status":"publish","type":"product","link":"https:\/\/carbonyfuego.com\/?product=mandil-basico-modelo-b01","title":{"rendered":"Mandil b\u00e1sico modelo B01"},"content":{"rendered":"\n<p>Mandil de gabardina\/mezclilla con una bolsa grande en el \u00e1rea del abdomen ideal para guardar<br>objetos varios, remaches en las esquinas de las costuras de la bolsa para prolongar su duraci\u00f3n y<br>herraje en color n\u00edquel o dorado a la altura del cuello (con ajuste) para darle un terminado m\u00e1s<br>elegante.<\/p>\n","protected":false},"excerpt":{"rendered":"<p>Mandil de gabardina\/mezclilla con una bolsa grande en el \u00e1rea del abdomen ideal para guardar<\/p>\n","protected":false},"featured_media":335,"comment_status":"open","ping_status":"closed","template":"","meta":{"site-sidebar-layout":"default","site-content-layout":"default","ast-global-header-display":"","ast-main-header-display":"","ast-hfb-above-header-display":"","ast-hfb-below-header-display":"","ast-hfb-mobile-header-display":"","site-post-title":"","ast-breadcrumbs-content":"","ast-featured-img":"","footer-sml-layout":"","theme-transparent-header-meta":"","adv-header-id-meta":"","stick-header-meta":"","header-above-stick-meta":"","header-main-stick-meta":"","header-below-stick-meta":""},"product_cat":[23],"product_tag":[],"_links":{"self":[{"href":"https:\/\/carbonyfuego.com\/index.php?rest_route=\/wp\/v2\/product\/332"}],"collection":[{"href":"https:\/\/carbonyfuego.com\/index.php?rest_route=\/wp\/v2\/product"}],"about":[{"href":"https:\/\/carbonyfuego.com\/index.php?rest_route=\/wp\/v2\/types\/product"}],"replies":[{"embeddable":true,"href":"https:\/\/carbonyfuego.com\/index.php?rest_route=%2Fwp%2Fv2%2Fcomments&post=332"}],"wp:featuredmedia":[{"embeddable":true,"href":"https:\/\/carbonyfuego.com\/index.php?rest_route=\/wp\/v2\/media\/335"}],"wp:attachment":[{"href":"https:\/\/carbonyfuego.com\/index.php?rest_route=%2Fwp%2Fv2%2Fmedia&parent=332"}],"wp:term":[{"taxonomy":"product_cat","embeddable":true,"href":"https:\/\/carbonyfuego.com\/index.php?rest_route=%2Fwp%2Fv2%2Fproduct_cat&post=332"},{"taxonomy":"product_tag","embeddable":true,"href":"https:\/\/carbonyfuego.com\/index.php?rest_route=%2Fwp%2Fv2%2Fproduct_tag&post=332"}],"curies":[{"name":"wp","href":"https:\/\/api.w.org\/{rel}","templated":true}]}}