{"id":18,"date":"2022-09-14T17:06:34","date_gmt":"2022-09-14T17:06:34","guid":{"rendered":"https:\/\/carbonyfuego.com\/?page_id=18"},"modified":"2023-09-24T17:11:42","modified_gmt":"2023-09-24T22:11:42","slug":"nuestros-cursos-son-los-mejoresdel-mercado-ya-que-son-totalmente-practicos-y-podras-aprender-mucho-con-ellos-1","status":"publish","type":"page","link":"https:\/\/carbonyfuego.com\/?page_id=18","title":{"rendered":"Nuestros Cursos"},"content":{"rendered":"\n<p class=\"has-text-align-center has-black-color has-text-color has-large-font-size\"><strong>CONTAMOS CON LOS MEJORES <\/strong><\/p>\n\n\n\n<p class=\"has-text-align-center has-vivid-red-color has-text-color has-large-font-size\">                    <strong>NUESTRO PROXIMO CURSO YA VIENE&#8230;.                     Curso en l\u00ednea para Principiantes                                                  <\/strong><strong> <\/strong>    <\/p>\n\n\n\n<p class=\"has-text-align-center has-vivid-red-color has-text-color has-medium-font-size\"><strong>   Todos nuestros cursos tienen absolutamente todo incluido, tu solamente tienes que traer ganas de aprender, divertirte, pasar un rato muy agradable, y por supuesto degustar todo lo que asamos. Tambi\u00e9n tenemos Cursos a la medida, para grupos, para empresas, arma tu grupo y comun\u00edcate con nosotros&#8230;<\/strong><\/p>\n\n\n\n<div class=\"wp-block-columns is-layout-flex wp-container-2\">\n<div class=\"wp-block-column is-layout-flow\" style=\"flex-basis:100%\">\n<div class=\"wp-block-cover\" style=\"min-height:437px\"><span aria-hidden=\"true\" class=\"wp-block-cover__background has-background-dim\"><\/span><img decoding=\"async\" loading=\"lazy\" width=\"1024\" height=\"768\" class=\"wp-block-cover__image-background wp-image-45\" alt=\"\" src=\"https:\/\/carbonyfuego.com\/wp-content\/uploads\/2022\/09\/IMG-20190520-WA0066-1-1024x768.jpg\" data-object-fit=\"cover\" srcset=\"https:\/\/carbonyfuego.com\/wp-content\/uploads\/2022\/09\/IMG-20190520-WA0066-1-1024x768.jpg 1024w, https:\/\/carbonyfuego.com\/wp-content\/uploads\/2022\/09\/IMG-20190520-WA0066-1-600x450.jpg 600w, https:\/\/carbonyfuego.com\/wp-content\/uploads\/2022\/09\/IMG-20190520-WA0066-1-300x225.jpg 300w, https:\/\/carbonyfuego.com\/wp-content\/uploads\/2022\/09\/IMG-20190520-WA0066-1-768x576.jpg 768w, https:\/\/carbonyfuego.com\/wp-content\/uploads\/2022\/09\/IMG-20190520-WA0066-1.jpg 1280w\" sizes=\"(max-width: 1024px) 100vw, 1024px\" \/><div class=\"wp-block-cover__inner-container\">\n<p class=\"has-text-align-center has-large-font-size\"><strong><em>CURSOS BASICOS PARA PRINCIPIANTES<\/em><\/strong><\/p>\n\n\n\n<p class=\"has-text-align-center has-medium-font-size\"><strong>Desde como encender el carb\u00f3n, como elegir un buen corte, marmoleo, jugosidad, suavidad, t\u00e9cnicas de cocci\u00f3n, t\u00e9rminos, sellado directo, sellado inverso y mucho mas&#8230;<\/strong><\/p>\n<\/div><\/div>\n<\/div>\n<\/div>\n\n\n\n<div class=\"wp-block-columns is-layout-flex wp-container-4\">\n<div class=\"wp-block-column is-layout-flow\" style=\"flex-basis:100%\">\n<div class=\"wp-block-cover aligncenter\"><span aria-hidden=\"true\" class=\"wp-block-cover__background has-background-dim\"><\/span><img decoding=\"async\" loading=\"lazy\" width=\"1024\" height=\"683\" class=\"wp-block-cover__image-background wp-image-47\" alt=\"\" src=\"https:\/\/carbonyfuego.com\/wp-content\/uploads\/2022\/09\/DSC_0145-1024x683.jpg\" data-object-fit=\"cover\" srcset=\"https:\/\/carbonyfuego.com\/wp-content\/uploads\/2022\/09\/DSC_0145-1024x683.jpg 1024w, https:\/\/carbonyfuego.com\/wp-content\/uploads\/2022\/09\/DSC_0145-scaled-600x400.jpg 600w, https:\/\/carbonyfuego.com\/wp-content\/uploads\/2022\/09\/DSC_0145-300x200.jpg 300w, https:\/\/carbonyfuego.com\/wp-content\/uploads\/2022\/09\/DSC_0145-768x512.jpg 768w, https:\/\/carbonyfuego.com\/wp-content\/uploads\/2022\/09\/DSC_0145-1536x1024.jpg 1536w, https:\/\/carbonyfuego.com\/wp-content\/uploads\/2022\/09\/DSC_0145-2048x1365.jpg 2048w\" sizes=\"(max-width: 1024px) 100vw, 1024px\" \/><div class=\"wp-block-cover__inner-container\">\n<p class=\"has-text-align-center has-large-font-size\"><strong>CURSO DE ESPECIALIDAD<\/strong><\/p>\n\n\n\n<p class=\"has-text-align-center has-medium-font-size\"><strong>Aprende a asar lechones o borregos enteros, cortes grandes como pica\u00f1as enteras, ribeye de 2, 3 y 4  pulgadas, a utilizar diferentes tipos de rubs para darle a tu corte un toque especial<\/strong><\/p>\n\n\n\n<p><\/p>\n<\/div><\/div>\n<\/div>\n<\/div>\n\n\n\n<div class=\"wp-block-columns is-layout-flex wp-container-6\">\n<div class=\"wp-block-column is-layout-flow\" style=\"flex-basis:100%\">\n<div class=\"wp-block-cover is-light\"><span aria-hidden=\"true\" class=\"wp-block-cover__background has-background-dim\"><\/span><img decoding=\"async\" loading=\"lazy\" width=\"1024\" height=\"571\" class=\"wp-block-cover__image-background wp-image-207\" alt=\"\" src=\"https:\/\/carbonyfuego.com\/wp-content\/uploads\/2022\/09\/WhatsApp-Image-2022-09-16-at-6.42.02-PM-1024x571.jpeg\" data-object-fit=\"cover\" srcset=\"https:\/\/carbonyfuego.com\/wp-content\/uploads\/2022\/09\/WhatsApp-Image-2022-09-16-at-6.42.02-PM-1024x571.jpeg 1024w, https:\/\/carbonyfuego.com\/wp-content\/uploads\/2022\/09\/WhatsApp-Image-2022-09-16-at-6.42.02-PM-600x335.jpeg 600w, https:\/\/carbonyfuego.com\/wp-content\/uploads\/2022\/09\/WhatsApp-Image-2022-09-16-at-6.42.02-PM-300x167.jpeg 300w, https:\/\/carbonyfuego.com\/wp-content\/uploads\/2022\/09\/WhatsApp-Image-2022-09-16-at-6.42.02-PM-768x428.jpeg 768w, https:\/\/carbonyfuego.com\/wp-content\/uploads\/2022\/09\/WhatsApp-Image-2022-09-16-at-6.42.02-PM-1536x857.jpeg 1536w, https:\/\/carbonyfuego.com\/wp-content\/uploads\/2022\/09\/WhatsApp-Image-2022-09-16-at-6.42.02-PM.jpeg 1599w\" sizes=\"(max-width: 1024px) 100vw, 1024px\" \/><div class=\"wp-block-cover__inner-container\">\n<p class=\"has-text-align-center has-large-font-size\"><strong>CURSO DE PIZZAS A LA PARRILLA<\/strong><\/p>\n\n\n\n<p class=\"has-text-align-center has-medium-font-size\"><strong>No tienes un horno, no te preocupes puedes hacer unas tremendas pizzas en tu asador, algo muy f\u00e1cil, r\u00e1pido y delicioso, deja ya de comprar pizzas comerciales!!!!<\/strong><\/p>\n<\/div><\/div>\n<\/div>\n<\/div>\n\n\n\n<p><\/p>\n\n\n\n<div class=\"wp-block-columns is-layout-flex wp-container-8\">\n<div class=\"wp-block-column is-layout-flow\" style=\"flex-basis:100%\">\n<div class=\"wp-block-cover\" style=\"min-height:575px\"><span aria-hidden=\"true\" class=\"wp-block-cover__background has-background-dim-60 has-background-dim\"><\/span><img decoding=\"async\" loading=\"lazy\" width=\"1024\" height=\"768\" class=\"wp-block-cover__image-background wp-image-247\" alt=\"\" src=\"https:\/\/carbonyfuego.com\/wp-content\/uploads\/2022\/09\/IMG-20190520-WA0032-1024x768.jpg\" data-object-fit=\"cover\" srcset=\"https:\/\/carbonyfuego.com\/wp-content\/uploads\/2022\/09\/IMG-20190520-WA0032-1024x768.jpg 1024w, https:\/\/carbonyfuego.com\/wp-content\/uploads\/2022\/09\/IMG-20190520-WA0032-600x450.jpg 600w, https:\/\/carbonyfuego.com\/wp-content\/uploads\/2022\/09\/IMG-20190520-WA0032-300x225.jpg 300w, https:\/\/carbonyfuego.com\/wp-content\/uploads\/2022\/09\/IMG-20190520-WA0032-768x576.jpg 768w, https:\/\/carbonyfuego.com\/wp-content\/uploads\/2022\/09\/IMG-20190520-WA0032.jpg 1280w\" sizes=\"(max-width: 1024px) 100vw, 1024px\" \/><div class=\"wp-block-cover__inner-container\">\n<p class=\"has-text-align-center has-large-font-size\"><strong>CURSO A EMPRESAS<\/strong><\/p>\n\n\n\n<p class=\"has-text-align-center has-medium-font-size\">Enfocado a que tus asociados aprendan en un ambiente diferente y relajado a compartir tareas, trabajar en equipo, tomar decisiones adecuadas para obtener el mejor resultado para el equipo, siempre con un objetivo com\u00fan<\/p>\n\n\n\n<p class=\"has-text-align-center has-medium-font-size\">Que todos tengan un aprendizaje personal y profesional para aplicarlos en todos los \u00e1mbitos de su vida<\/p>\n<\/div><\/div>\n<\/div>\n<\/div>\n\n\n\n<p><\/p>\n\n\n\n<div class=\"wp-block-columns is-layout-flex wp-container-10\">\n<div class=\"wp-block-column is-layout-flow\" style=\"flex-basis:100%\">\n<div class=\"wp-block-cover\" style=\"min-height:591px\"><span aria-hidden=\"true\" class=\"wp-block-cover__background has-background-dim\"><\/span><img decoding=\"async\" loading=\"lazy\" width=\"1280\" height=\"960\" class=\"wp-block-cover__image-background wp-image-251\" alt=\"\" src=\"https:\/\/carbonyfuego.com\/wp-content\/uploads\/2022\/09\/IMG-20191119-WA0140.jpg\" data-object-fit=\"cover\" srcset=\"https:\/\/carbonyfuego.com\/wp-content\/uploads\/2022\/09\/IMG-20191119-WA0140.jpg 1280w, https:\/\/carbonyfuego.com\/wp-content\/uploads\/2022\/09\/IMG-20191119-WA0140-600x450.jpg 600w, https:\/\/carbonyfuego.com\/wp-content\/uploads\/2022\/09\/IMG-20191119-WA0140-300x225.jpg 300w, https:\/\/carbonyfuego.com\/wp-content\/uploads\/2022\/09\/IMG-20191119-WA0140-1024x768.jpg 1024w, https:\/\/carbonyfuego.com\/wp-content\/uploads\/2022\/09\/IMG-20191119-WA0140-768x576.jpg 768w\" sizes=\"(max-width: 1280px) 100vw, 1280px\" \/><div class=\"wp-block-cover__inner-container\">\n<p class=\"has-text-align-center has-large-font-size\"><strong>AQUI ESTA EL CURSO A TU MEDIDA<\/strong>, QUE PREFIERES??<\/p>\n\n\n\n<p><strong>SOLO TIENES QUE COMUNICARTE CON NOSOTROS<\/strong>    <a href=\"https:\/\/carbonyfuego.com\/?page_id=26(abre en una nueva pesta\u00f1a)\">https:\/\/carbonyfuego.com\/?page_id=26(abre en una nueva pesta\u00f1a)<\/a>                 <\/p>\n<\/div><\/div>\n<\/div>\n<\/div>\n","protected":false},"excerpt":{"rendered":"<p>CONTAMOS CON LOS MEJORES NUESTRO PROXIMO CURSO YA VIENE&#8230;. Curso en l\u00ednea para Principiantes Todos nuestros cursos tienen absolutamente todo incluido, tu solamente tienes que traer ganas de aprender, divertirte, pasar un rato muy agradable, y por supuesto degustar todo lo que asamos. Tambi\u00e9n tenemos Cursos a la medida, para grupos, para empresas, arma tu &hellip;<\/p>\n<p class=\"read-more\"> <a class=\"\" href=\"https:\/\/carbonyfuego.com\/?page_id=18\"> <span class=\"screen-reader-text\">Nuestros Cursos<\/span> Leer m\u00e1s &raquo;<\/a><\/p>\n","protected":false},"author":1,"featured_media":0,"parent":0,"menu_order":3,"comment_status":"closed","ping_status":"closed","template":"","meta":{"site-sidebar-layout":"default","site-content-layout":"default","ast-global-header-display":"","ast-main-header-display":"","ast-hfb-above-header-display":"","ast-hfb-below-header-display":"","ast-hfb-mobile-header-display":"","site-post-title":"","ast-breadcrumbs-content":"","ast-featured-img":"","footer-sml-layout":"","theme-transparent-header-meta":"","adv-header-id-meta":"","stick-header-meta":"","header-above-stick-meta":"","header-main-stick-meta":"","header-below-stick-meta":""},"_links":{"self":[{"href":"https:\/\/carbonyfuego.com\/index.php?rest_route=\/wp\/v2\/pages\/18"}],"collection":[{"href":"https:\/\/carbonyfuego.com\/index.php?rest_route=\/wp\/v2\/pages"}],"about":[{"href":"https:\/\/carbonyfuego.com\/index.php?rest_route=\/wp\/v2\/types\/page"}],"author":[{"embeddable":true,"href":"https:\/\/carbonyfuego.com\/index.php?rest_route=\/wp\/v2\/users\/1"}],"replies":[{"embeddable":true,"href":"https:\/\/carbonyfuego.com\/index.php?rest_route=%2Fwp%2Fv2%2Fcomments&post=18"}],"version-history":[{"count":23,"href":"https:\/\/carbonyfuego.com\/index.php?rest_route=\/wp\/v2\/pages\/18\/revisions"}],"predecessor-version":[{"id":314,"href":"https:\/\/carbonyfuego.com\/index.php?rest_route=\/wp\/v2\/pages\/18\/revisions\/314"}],"wp:attachment":[{"href":"https:\/\/carbonyfuego.com\/index.php?rest_route=%2Fwp%2Fv2%2Fmedia&parent=18"}],"curies":[{"name":"wp","href":"https:\/\/api.w.org\/{rel}","templated":true}]}}