{"id":103,"date":"2022-09-15T00:49:46","date_gmt":"2022-09-15T00:49:46","guid":{"rendered":"https:\/\/carbonyfuego.com\/?page_id=103"},"modified":"2022-09-17T01:32:56","modified_gmt":"2022-09-17T01:32:56","slug":"nosotros","status":"publish","type":"page","link":"https:\/\/carbonyfuego.com\/?page_id=103","title":{"rendered":"Nosotros"},"content":{"rendered":"\n<figure class=\"wp-block-image alignleft size-large is-resized\"><img decoding=\"async\" loading=\"lazy\" src=\"https:\/\/carbonyfuego.com\/wp-content\/uploads\/2022\/09\/IMG-20190831-WA0015-4-768x1024.jpg\" alt=\"\" class=\"wp-image-109\" width=\"327\" height=\"435\" srcset=\"https:\/\/carbonyfuego.com\/wp-content\/uploads\/2022\/09\/IMG-20190831-WA0015-4-768x1024.jpg 768w, https:\/\/carbonyfuego.com\/wp-content\/uploads\/2022\/09\/IMG-20190831-WA0015-4-600x800.jpg 600w, https:\/\/carbonyfuego.com\/wp-content\/uploads\/2022\/09\/IMG-20190831-WA0015-4-225x300.jpg 225w, https:\/\/carbonyfuego.com\/wp-content\/uploads\/2022\/09\/IMG-20190831-WA0015-4.jpg 960w\" sizes=\"(max-width: 327px) 100vw, 327px\" \/><\/figure>\n\n\n\n<p class=\"has-text-align-center has-black-color has-text-color has-medium-font-size\">Q<strong>uieres dominar el Arte de asar Cortes finos, sus tiempos y t\u00e9rminos, somos la mejor opci\u00f3n. Contamos con Cursos en diferentes niveles, b\u00e1sicos, avanzados y expertos. Tambi\u00e9n Cursos de especialidad, Cursos para Empresas. En nuestros Cursos todo est\u00e1 incluido, solamente tienes que traer: ganas de aprender, divertirte y degustar todo lo que preparamos. Regalos, sorteos especiales y sorpresas.   <\/strong>                  <\/p>\n\n\n\n<p class=\"has-text-align-center has-vivid-red-color has-text-color\" style=\"font-size:25px\"><strong>Desde el a\u00f1o 2018 !!LOS MEJORES CURSOS DE PARRILLA!!<\/strong><\/p>\n\n\n\n<p class=\"has-large-font-size\"><strong>Chef Richard Pl\u00e1 Silva<\/strong><\/p>\n\n\n\n<p class=\"has-text-align-right has-black-color has-text-color has-medium-font-size\">Chef Uruguayo por el mundo, m\u00e1s de 30 a\u00f1os inmerso en la gastronom\u00eda, en diferentes partes del mundo, aventur\u00e1ndose, en diferentes sectores como Panader\u00eda, Pasteler\u00eda, Cocina italiana, Cocina Mexicana pero por sobre           todo a su pasi\u00f3n y tradici\u00f3n desde sus or\u00edgenes,                                <\/p>\n\n\n\n<p class=\"has-text-align-center has-vivid-red-color has-text-color has-large-font-size\"> <strong>La Cocina de Fuego, la Parrilla.<\/strong><\/p>\n","protected":false},"excerpt":{"rendered":"<p>Quieres dominar el Arte de asar Cortes finos, sus tiempos y t\u00e9rminos, somos la mejor opci\u00f3n. Contamos con Cursos en diferentes niveles, b\u00e1sicos, avanzados y expertos. Tambi\u00e9n Cursos de especialidad, Cursos para Empresas. En nuestros Cursos todo est\u00e1 incluido, solamente tienes que traer: ganas de aprender, divertirte y degustar todo lo que preparamos. Regalos, sorteos &hellip;<\/p>\n<p class=\"read-more\"> <a class=\"\" href=\"https:\/\/carbonyfuego.com\/?page_id=103\"> <span class=\"screen-reader-text\">Nosotros<\/span> Leer m\u00e1s &raquo;<\/a><\/p>\n","protected":false},"author":1,"featured_media":0,"parent":0,"menu_order":2,"comment_status":"closed","ping_status":"closed","template":"","meta":{"site-sidebar-layout":"default","site-content-layout":"default","ast-global-header-display":"","ast-main-header-display":"","ast-hfb-above-header-display":"","ast-hfb-below-header-display":"","ast-hfb-mobile-header-display":"","site-post-title":"","ast-breadcrumbs-content":"","ast-featured-img":"","footer-sml-layout":"","theme-transparent-header-meta":"","adv-header-id-meta":"","stick-header-meta":"","header-above-stick-meta":"","header-main-stick-meta":"","header-below-stick-meta":""},"_links":{"self":[{"href":"https:\/\/carbonyfuego.com\/index.php?rest_route=\/wp\/v2\/pages\/103"}],"collection":[{"href":"https:\/\/carbonyfuego.com\/index.php?rest_route=\/wp\/v2\/pages"}],"about":[{"href":"https:\/\/carbonyfuego.com\/index.php?rest_route=\/wp\/v2\/types\/page"}],"author":[{"embeddable":true,"href":"https:\/\/carbonyfuego.com\/index.php?rest_route=\/wp\/v2\/users\/1"}],"replies":[{"embeddable":true,"href":"https:\/\/carbonyfuego.com\/index.php?rest_route=%2Fwp%2Fv2%2Fcomments&post=103"}],"version-history":[{"count":7,"href":"https:\/\/carbonyfuego.com\/index.php?rest_route=\/wp\/v2\/pages\/103\/revisions"}],"predecessor-version":[{"id":231,"href":"https:\/\/carbonyfuego.com\/index.php?rest_route=\/wp\/v2\/pages\/103\/revisions\/231"}],"wp:attachment":[{"href":"https:\/\/carbonyfuego.com\/index.php?rest_route=%2Fwp%2Fv2%2Fmedia&parent=103"}],"curies":[{"name":"wp","href":"https:\/\/api.w.org\/{rel}","templated":true}]}}